{"id":121,"date":"2020-10-25T09:54:00","date_gmt":"2020-10-25T12:54:00","guid":{"rendered":"https:\/\/forteclinica.com.br\/site\/publico-copy\/"},"modified":"2020-11-12T10:33:04","modified_gmt":"2020-11-12T13:33:04","slug":"medico","status":"publish","type":"page","link":"https:\/\/forteclinica.com.br\/site\/medico\/","title":{"rendered":"M\u00e9dicos"},"content":{"rendered":"\n<div class=\"wp-block-cover alignfull has-background-dim has-parallax is-position-center-center\" style=\"background-image:url(https:\/\/forteclinica.com.br\/site\/wp-content\/uploads\/catarata.png);background-color:#ff9800;min-height:430px;aspect-ratio:unset;\"><div class=\"wp-block-cover__inner-container is-layout-flow wp-block-cover-is-layout-flow\">\n<div class=\"wp-block-buttons aligncenter is-layout-flex wp-block-buttons-is-layout-flex\">\n<div class=\"wp-block-button is-style-fill\"><a class=\"wp-block-button__link has-text-color has-background\" href=\"https:\/\/forteclinica.com.br\/site\/categoria\/oftalmo-baixa-visao\/\" style=\"border-radius:50px;background-color:#0d47a1;color:#fffffa\"><strong>VIS\u00c3O SUBNORMAL PARA OFTALMOLOGISTAS<\/strong><\/a><\/div>\n\n\n\n<div class=\"wp-block-button is-style-fill\"><a class=\"wp-block-button__link has-text-color has-background\" href=\"https:\/\/forteclinica.com.br\/site\/categoria\/oftalmo-estrabismo\/\" style=\"border-radius:50px;background-color:#0d47a1;color:#fffffa\"><strong>ESTRABISMO<\/strong><\/a><\/div>\n\n\n\n<div class=\"wp-block-button is-style-fill\"><a class=\"wp-block-button__link has-text-color has-background\" href=\"https:\/\/forteclinica.com.br\/site\/categoria\/oftalmo-pediatria\/\" style=\"border-radius:50px;background-color:#0d47a1;color:#fffffa\"><strong>OFTALMOPEDIATRIA<\/strong><\/a><\/div>\n\n\n\n<div class=\"wp-block-button is-style-fill\"><a class=\"wp-block-button__link has-text-color has-background\" href=\"https:\/\/forteclinica.com.br\/site\/oftalmo-refracao\/indice\/\" style=\"border-radius:50px;background-color:#0d47a1;color:#fffffa\"><strong>REFRA\u00c7\u00c3O<\/strong><\/a><\/div>\n<\/div>\n\n\n\n<div class=\"wp-block-buttons aligncenter is-layout-flex wp-block-buttons-is-layout-flex\">\n<div class=\"wp-block-button is-style-fill\"><a class=\"wp-block-button__link has-text-color has-background\" href=\"http:\/\/oftalmopediatriapoa.com.br\/site\/categoria\/pediatras\/\" style=\"border-radius:50px;background-color:#ff6f00;color:#fffffa\" target=\"_blank\" rel=\"noreferrer noopener\"><strong><strong>OFTALMOLOGIA PARA PEDIATRAS<\/strong><\/strong><\/a><\/div>\n<\/div>\n<\/div><\/div>\n\n\n\n<div class=\"wp-block-cover alignfull has-background-dim has-parallax is-position-center-center\" style=\"background-image:url(https:\/\/forteclinica.com.br\/site\/wp-content\/uploads\/catarata.png);background-color:#3f51b5\"><div class=\"wp-block-cover__inner-container is-layout-flow wp-block-cover-is-layout-flow\">\n<div class=\"wp-block-buttons aligncenter is-layout-flex wp-block-buttons-is-layout-flex\">\n<div class=\"wp-block-button is-style-fill\"><a class=\"wp-block-button__link has-text-color has-background\" href=\"http:\/\/programagestaointeligente.com.br\/site\/sobre\/\" style=\"border-radius:50px;background-color:#ff6f00;color:#fffffa\" target=\"_blank\" rel=\"noreferrer noopener\"><strong><strong>PROGRAMA GEST\u00c3O M\u00c9DICA INTELIGENTE<\/strong><\/strong><\/a><\/div>\n<\/div>\n<\/div><\/div>\n\n\n\n<div class=\"wp-block-buttons aligncenter is-layout-flex wp-block-buttons-is-layout-flex\">\n<div class=\"wp-block-button is-style-outline is-style-outline--2\"><a class=\"wp-block-button__link has-midnight-grey-color has-text-color\" href=\"https:\/\/forteclinica.com.br\/site\/\" style=\"border-radius:50px\"><strong><strong>VOLTAR<\/strong><\/strong><\/a><\/div>\n<\/div>\n","protected":false},"excerpt":{"rendered":"<p>VIS\u00c3O SUBNORMAL PARA OFTALMOLOGISTAS ESTRABISMO OFTALMOPEDIATRIA REFRA\u00c7\u00c3O OFTALMOLOGIA PARA PEDIATRAS PROGRAMA GEST\u00c3O M\u00c9DICA INTELIGENTE VOLTAR<\/p>\n","protected":false},"author":1,"featured_media":103,"parent":0,"menu_order":2,"comment_status":"closed","ping_status":"closed","template":"templates\/tpl-helper-pb.php","meta":{"footnotes":""},"class_list":["entry","author-dr-fausto-stangler","post-121","page","type-page","status-publish","has-post-thumbnail"],"yoast_head":"<!-- This site is optimized with the Yoast SEO plugin v27.4 - https:\/\/yoast.com\/product\/yoast-seo-wordpress\/ -->\n<title>M\u00e9dicos -<\/title>\n<meta name=\"robots\" content=\"index, follow, max-snippet:-1, max-image-preview:large, max-video-preview:-1\" \/>\n<link rel=\"canonical\" href=\"https:\/\/forteclinica.com.br\/site\/medico\/\" \/>\n<meta property=\"og:locale\" content=\"pt_BR\" \/>\n<meta property=\"og:type\" content=\"article\" \/>\n<meta property=\"og:title\" content=\"M\u00e9dicos -\" \/>\n<meta property=\"og:description\" content=\"VIS\u00c3O SUBNORMAL PARA OFTALMOLOGISTAS ESTRABISMO OFTALMOPEDIATRIA REFRA\u00c7\u00c3O OFTALMOLOGIA PARA PEDIATRAS PROGRAMA GEST\u00c3O M\u00c9DICA INTELIGENTE VOLTAR\" \/>\n<meta property=\"og:url\" content=\"https:\/\/forteclinica.com.br\/site\/medico\/\" \/>\n<meta property=\"article:modified_time\" content=\"2020-11-12T13:33:04+00:00\" \/>\n<meta property=\"og:image\" content=\"https:\/\/forteclinica.com.br\/site\/wp-content\/uploads\/oftalmologia-pediatrica.jpg\" \/>\n\t<meta property=\"og:image:width\" content=\"1688\" \/>\n\t<meta property=\"og:image:height\" content=\"1125\" \/>\n\t<meta property=\"og:image:type\" content=\"image\/jpeg\" \/>\n<meta name=\"twitter:card\" content=\"summary_large_image\" \/>\n<script type=\"application\/ld+json\" class=\"yoast-schema-graph\">{\"@context\":\"https:\\\/\\\/schema.org\",\"@graph\":[{\"@type\":\"WebPage\",\"@id\":\"https:\\\/\\\/forteclinica.com.br\\\/site\\\/medico\\\/\",\"url\":\"https:\\\/\\\/forteclinica.com.br\\\/site\\\/medico\\\/\",\"name\":\"M\u00e9dicos -\",\"isPartOf\":{\"@id\":\"https:\\\/\\\/forteclinica.com.br\\\/site\\\/#website\"},\"primaryImageOfPage\":{\"@id\":\"https:\\\/\\\/forteclinica.com.br\\\/site\\\/medico\\\/#primaryimage\"},\"image\":{\"@id\":\"https:\\\/\\\/forteclinica.com.br\\\/site\\\/medico\\\/#primaryimage\"},\"thumbnailUrl\":\"https:\\\/\\\/forteclinica.com.br\\\/site\\\/wp-content\\\/uploads\\\/oftalmologia-pediatrica.jpg\",\"datePublished\":\"2020-10-25T12:54:00+00:00\",\"dateModified\":\"2020-11-12T13:33:04+00:00\",\"breadcrumb\":{\"@id\":\"https:\\\/\\\/forteclinica.com.br\\\/site\\\/medico\\\/#breadcrumb\"},\"inLanguage\":\"pt-BR\",\"potentialAction\":[{\"@type\":\"ReadAction\",\"target\":[\"https:\\\/\\\/forteclinica.com.br\\\/site\\\/medico\\\/\"]}]},{\"@type\":\"ImageObject\",\"inLanguage\":\"pt-BR\",\"@id\":\"https:\\\/\\\/forteclinica.com.br\\\/site\\\/medico\\\/#primaryimage\",\"url\":\"https:\\\/\\\/forteclinica.com.br\\\/site\\\/wp-content\\\/uploads\\\/oftalmologia-pediatrica.jpg\",\"contentUrl\":\"https:\\\/\\\/forteclinica.com.br\\\/site\\\/wp-content\\\/uploads\\\/oftalmologia-pediatrica.jpg\",\"width\":1688,\"height\":1125,\"caption\":\"Oftalmologia Pedi\u00e1trica\"},{\"@type\":\"BreadcrumbList\",\"@id\":\"https:\\\/\\\/forteclinica.com.br\\\/site\\\/medico\\\/#breadcrumb\",\"itemListElement\":[{\"@type\":\"ListItem\",\"position\":1,\"name\":\"In\u00edcio\",\"item\":\"https:\\\/\\\/forteclinica.com.br\\\/site\\\/\"},{\"@type\":\"ListItem\",\"position\":2,\"name\":\"M\u00e9dicos\"}]},{\"@type\":\"WebSite\",\"@id\":\"https:\\\/\\\/forteclinica.com.br\\\/site\\\/#website\",\"url\":\"https:\\\/\\\/forteclinica.com.br\\\/site\\\/\",\"name\":\"51 98341-2244 - Dr. Fausto Stangler Oftalmologista Pedi\u00e1trico e Adulto\",\"description\":\"\",\"publisher\":{\"@id\":\"https:\\\/\\\/forteclinica.com.br\\\/site\\\/#organization\"},\"potentialAction\":[{\"@type\":\"SearchAction\",\"target\":{\"@type\":\"EntryPoint\",\"urlTemplate\":\"https:\\\/\\\/forteclinica.com.br\\\/site\\\/?s={search_term_string}\"},\"query-input\":{\"@type\":\"PropertyValueSpecification\",\"valueRequired\":true,\"valueName\":\"search_term_string\"}}],\"inLanguage\":\"pt-BR\"},{\"@type\":\"Organization\",\"@id\":\"https:\\\/\\\/forteclinica.com.br\\\/site\\\/#organization\",\"name\":\"51 98341-2244 Dr. Fausto Stangler Oftalmologista Pedi\u00e1trico e Adulto\",\"url\":\"https:\\\/\\\/forteclinica.com.br\\\/site\\\/\",\"logo\":{\"@type\":\"ImageObject\",\"inLanguage\":\"pt-BR\",\"@id\":\"https:\\\/\\\/forteclinica.com.br\\\/site\\\/#\\\/schema\\\/logo\\\/image\\\/\",\"url\":\"https:\\\/\\\/forteclinica.com.br\\\/site\\\/wp-content\\\/uploads\\\/2020\\\/10\\\/f-1.jpg\",\"contentUrl\":\"https:\\\/\\\/forteclinica.com.br\\\/site\\\/wp-content\\\/uploads\\\/2020\\\/10\\\/f-1.jpg\",\"width\":988,\"height\":1365,\"caption\":\"51 98341-2244 Dr. Fausto Stangler Oftalmologista Pedi\u00e1trico e Adulto\"},\"image\":{\"@id\":\"https:\\\/\\\/forteclinica.com.br\\\/site\\\/#\\\/schema\\\/logo\\\/image\\\/\"}}]}<\/script>\n<!-- \/ Yoast SEO plugin. -->","yoast_head_json":{"title":"M\u00e9dicos -","robots":{"index":"index","follow":"follow","max-snippet":"max-snippet:-1","max-image-preview":"max-image-preview:large","max-video-preview":"max-video-preview:-1"},"canonical":"https:\/\/forteclinica.com.br\/site\/medico\/","og_locale":"pt_BR","og_type":"article","og_title":"M\u00e9dicos -","og_description":"VIS\u00c3O SUBNORMAL PARA OFTALMOLOGISTAS ESTRABISMO OFTALMOPEDIATRIA REFRA\u00c7\u00c3O OFTALMOLOGIA PARA PEDIATRAS PROGRAMA GEST\u00c3O M\u00c9DICA INTELIGENTE VOLTAR","og_url":"https:\/\/forteclinica.com.br\/site\/medico\/","article_modified_time":"2020-11-12T13:33:04+00:00","og_image":[{"width":1688,"height":1125,"url":"https:\/\/forteclinica.com.br\/site\/wp-content\/uploads\/oftalmologia-pediatrica.jpg","type":"image\/jpeg"}],"twitter_card":"summary_large_image","schema":{"@context":"https:\/\/schema.org","@graph":[{"@type":"WebPage","@id":"https:\/\/forteclinica.com.br\/site\/medico\/","url":"https:\/\/forteclinica.com.br\/site\/medico\/","name":"M\u00e9dicos -","isPartOf":{"@id":"https:\/\/forteclinica.com.br\/site\/#website"},"primaryImageOfPage":{"@id":"https:\/\/forteclinica.com.br\/site\/medico\/#primaryimage"},"image":{"@id":"https:\/\/forteclinica.com.br\/site\/medico\/#primaryimage"},"thumbnailUrl":"https:\/\/forteclinica.com.br\/site\/wp-content\/uploads\/oftalmologia-pediatrica.jpg","datePublished":"2020-10-25T12:54:00+00:00","dateModified":"2020-11-12T13:33:04+00:00","breadcrumb":{"@id":"https:\/\/forteclinica.com.br\/site\/medico\/#breadcrumb"},"inLanguage":"pt-BR","potentialAction":[{"@type":"ReadAction","target":["https:\/\/forteclinica.com.br\/site\/medico\/"]}]},{"@type":"ImageObject","inLanguage":"pt-BR","@id":"https:\/\/forteclinica.com.br\/site\/medico\/#primaryimage","url":"https:\/\/forteclinica.com.br\/site\/wp-content\/uploads\/oftalmologia-pediatrica.jpg","contentUrl":"https:\/\/forteclinica.com.br\/site\/wp-content\/uploads\/oftalmologia-pediatrica.jpg","width":1688,"height":1125,"caption":"Oftalmologia Pedi\u00e1trica"},{"@type":"BreadcrumbList","@id":"https:\/\/forteclinica.com.br\/site\/medico\/#breadcrumb","itemListElement":[{"@type":"ListItem","position":1,"name":"In\u00edcio","item":"https:\/\/forteclinica.com.br\/site\/"},{"@type":"ListItem","position":2,"name":"M\u00e9dicos"}]},{"@type":"WebSite","@id":"https:\/\/forteclinica.com.br\/site\/#website","url":"https:\/\/forteclinica.com.br\/site\/","name":"51 98341-2244 - Dr. Fausto Stangler Oftalmologista Pedi\u00e1trico e Adulto","description":"","publisher":{"@id":"https:\/\/forteclinica.com.br\/site\/#organization"},"potentialAction":[{"@type":"SearchAction","target":{"@type":"EntryPoint","urlTemplate":"https:\/\/forteclinica.com.br\/site\/?s={search_term_string}"},"query-input":{"@type":"PropertyValueSpecification","valueRequired":true,"valueName":"search_term_string"}}],"inLanguage":"pt-BR"},{"@type":"Organization","@id":"https:\/\/forteclinica.com.br\/site\/#organization","name":"51 98341-2244 Dr. Fausto Stangler Oftalmologista Pedi\u00e1trico e Adulto","url":"https:\/\/forteclinica.com.br\/site\/","logo":{"@type":"ImageObject","inLanguage":"pt-BR","@id":"https:\/\/forteclinica.com.br\/site\/#\/schema\/logo\/image\/","url":"https:\/\/forteclinica.com.br\/site\/wp-content\/uploads\/2020\/10\/f-1.jpg","contentUrl":"https:\/\/forteclinica.com.br\/site\/wp-content\/uploads\/2020\/10\/f-1.jpg","width":988,"height":1365,"caption":"51 98341-2244 Dr. Fausto Stangler Oftalmologista Pedi\u00e1trico e Adulto"},"image":{"@id":"https:\/\/forteclinica.com.br\/site\/#\/schema\/logo\/image\/"}}]}},"_links":{"self":[{"href":"https:\/\/forteclinica.com.br\/site\/wp-json\/wp\/v2\/pages\/121","targetHints":{"allow":["GET"]}}],"collection":[{"href":"https:\/\/forteclinica.com.br\/site\/wp-json\/wp\/v2\/pages"}],"about":[{"href":"https:\/\/forteclinica.com.br\/site\/wp-json\/wp\/v2\/types\/page"}],"author":[{"embeddable":true,"href":"https:\/\/forteclinica.com.br\/site\/wp-json\/wp\/v2\/users\/1"}],"replies":[{"embeddable":true,"href":"https:\/\/forteclinica.com.br\/site\/wp-json\/wp\/v2\/comments?post=121"}],"version-history":[{"count":23,"href":"https:\/\/forteclinica.com.br\/site\/wp-json\/wp\/v2\/pages\/121\/revisions"}],"predecessor-version":[{"id":606,"href":"https:\/\/forteclinica.com.br\/site\/wp-json\/wp\/v2\/pages\/121\/revisions\/606"}],"wp:featuredmedia":[{"embeddable":true,"href":"https:\/\/forteclinica.com.br\/site\/wp-json\/wp\/v2\/media\/103"}],"wp:attachment":[{"href":"https:\/\/forteclinica.com.br\/site\/wp-json\/wp\/v2\/media?parent=121"}],"curies":[{"name":"wp","href":"https:\/\/api.w.org\/{rel}","templated":true}]}}