{"id":268,"date":"2020-10-25T14:14:47","date_gmt":"2020-10-25T17:14:47","guid":{"rendered":"https:\/\/forteclinica.com.br\/site\/publico-copy\/"},"modified":"2021-10-04T09:33:27","modified_gmt":"2021-10-04T12:33:27","slug":"home","status":"publish","type":"page","link":"https:\/\/forteclinica.com.br\/site\/","title":{"rendered":"In\u00edcio"},"content":{"rendered":"\n<div class=\"wp-block-cover alignfull has-background-dim has-parallax is-position-center-center\" style=\"background-image:url(https:\/\/forteclinica.com.br\/site\/wp-content\/uploads\/oftalmologia-pediatrica.jpg);background-color:#ff9800;min-height:430px;aspect-ratio:unset;\"><div class=\"wp-block-cover__inner-container is-layout-flow wp-block-cover-is-layout-flow\">\n<div class=\"wp-block-buttons is-content-justification-center is-layout-flex wp-block-buttons-is-layout-flex\">\n<div class=\"wp-block-button is-style-fill\"><a class=\"wp-block-button__link has-text-color has-background\" href=\"https:\/\/forteclinica.com.br\/contato\" style=\"border-radius:50px;background-color:#ff6f00;color:#fffffa\"><strong><strong>MARCAR CONSULTA<\/strong><\/strong><\/a><\/div>\n\n\n\n<div class=\"wp-block-button is-style-fill\"><a class=\"wp-block-button__link has-text-color has-background\" href=\"https:\/\/api.whatsapp.com\/send\/?phone=5551982310230&amp;text=Ol%C3%A1%2C+gostaria+de+mais+informa%C3%A7%C3%B5es.+\" style=\"border-radius:50px;background-color:#ff6f00;color:#fffffa\" target=\"_blank\" rel=\"noreferrer noopener\"><strong><strong>WHATSAPP 51 98231-0230<\/strong><\/strong><\/a><\/div>\n\n\n\n<div class=\"wp-block-button is-style-fill\"><a class=\"wp-block-button__link has-text-color has-background\" href=\"tel:5133652244\" style=\"border-radius:50px;background-color:#ff6f00;color:#fffffa\" target=\"_blank\" rel=\"noreferrer noopener\"><strong><strong>LIGAR 3365-2244<\/strong><\/strong><\/a><\/div>\n\n\n\n<div class=\"wp-block-button is-style-fill\"><a class=\"wp-block-button__link has-text-color has-background\" href=\"http:\/\/goo.gl\/xgNRpO\" style=\"border-radius:50px;background-color:#ff6f00;color:#fffffa\" target=\"_blank\" rel=\"noreferrer noopener\"><strong><strong>COMO CHEGAR<\/strong><\/strong><\/a><\/div>\n\n\n\n<div class=\"wp-block-button is-style-fill\"><a class=\"wp-block-button__link has-text-color has-background\" href=\"https:\/\/forteclinica.com.br\/site\/publico\/\" style=\"border-radius:50px;background-color:#0d47a1;color:#fffffa\"><strong><strong>INFORMA\u00c7\u00d5ES M\u00c9DICAS PARA PACIENTES<\/strong><\/strong><\/a><\/div>\n<\/div>\n<\/div><\/div>\n\n\n\n<div class=\"wp-block-cover alignfull has-background-dim has-parallax is-position-center-center\" style=\"background-image:url(https:\/\/forteclinica.com.br\/site\/wp-content\/uploads\/oftalmologia-pediatrica.jpg);background-color:#3f51b5;min-height:430px;aspect-ratio:unset;\"><div class=\"wp-block-cover__inner-container is-layout-flow wp-block-cover-is-layout-flow\">\n<div class=\"wp-block-buttons is-content-justification-center is-layout-flex wp-block-buttons-is-layout-flex\">\n<div class=\"wp-block-button is-style-fill\"><a class=\"wp-block-button__link has-text-color has-background\" href=\"https:\/\/forteclinica.com.br\/site\/medico\/\" style=\"border-radius:50px;background-color:#0d47a1;color:#fffffa\"><strong><strong>CONTE\u00daDO T\u00c9CNICO PARA M\u00c9DICOS<\/strong><\/strong><\/a><\/div>\n\n\n\n<div class=\"wp-block-button is-style-fill\"><a class=\"wp-block-button__link has-text-color has-background\" href=\"https:\/\/forteclinica.com.br\/site\/oftalmo-refracao\/indice\/\" style=\"border-radius:50px;background-color:#0d47a1;color:#fffffa\"><strong><strong>PARA RESIDENTES<\/strong><\/strong><\/a><\/div>\n<\/div>\n\n\n\n<div class=\"wp-block-buttons is-content-justification-center is-layout-flex wp-block-buttons-is-layout-flex\">\n<div class=\"wp-block-button is-style-fill\"><a class=\"wp-block-button__link has-text-color has-background\" href=\"https:\/\/forteclinica.com.br\/site\/sobre\/\" style=\"border-radius:50px;background-color:#ff6f00;color:#fffffa\"><strong><strong>QUEM \u00c9 O DR. FAUSTO STANGLER<\/strong><\/strong><\/a><\/div>\n<\/div>\n<\/div><\/div>\n","protected":false},"excerpt":{"rendered":"<p>MARCAR CONSULTA WHATSAPP 51 98231-0230 LIGAR 3365-2244 COMO CHEGAR INFORMA\u00c7\u00d5ES M\u00c9DICAS PARA PACIENTES CONTE\u00daDO T\u00c9CNICO PARA M\u00c9DICOS PARA RESIDENTES QUEM \u00c9 O DR. FAUSTO STANGLER<\/p>\n","protected":false},"author":1,"featured_media":103,"parent":0,"menu_order":0,"comment_status":"closed","ping_status":"closed","template":"templates\/tpl-helper-pb.php","meta":{"footnotes":""},"class_list":["entry","author-dr-fausto-stangler","post-268","page","type-page","status-publish","has-post-thumbnail"],"yoast_head":"<!-- This site is optimized with the Yoast SEO plugin v27.4 - https:\/\/yoast.com\/product\/yoast-seo-wordpress\/ -->\n<title>In\u00edcio -<\/title>\n<meta name=\"robots\" content=\"index, follow, max-snippet:-1, max-image-preview:large, max-video-preview:-1\" \/>\n<link rel=\"canonical\" href=\"https:\/\/forteclinica.com.br\/site\/\" \/>\n<meta property=\"og:locale\" content=\"pt_BR\" \/>\n<meta property=\"og:type\" content=\"article\" \/>\n<meta property=\"og:title\" content=\"In\u00edcio -\" \/>\n<meta property=\"og:description\" content=\"MARCAR CONSULTA WHATSAPP 51 98231-0230 LIGAR 3365-2244 COMO CHEGAR INFORMA\u00c7\u00d5ES M\u00c9DICAS PARA PACIENTES CONTE\u00daDO T\u00c9CNICO PARA M\u00c9DICOS PARA RESIDENTES QUEM \u00c9 O DR. FAUSTO STANGLER\" \/>\n<meta property=\"og:url\" content=\"https:\/\/forteclinica.com.br\/site\/\" \/>\n<meta property=\"article:modified_time\" content=\"2021-10-04T12:33:27+00:00\" \/>\n<meta property=\"og:image\" content=\"https:\/\/forteclinica.com.br\/site\/wp-content\/uploads\/oftalmologia-pediatrica.jpg\" \/>\n\t<meta property=\"og:image:width\" content=\"1688\" \/>\n\t<meta property=\"og:image:height\" content=\"1125\" \/>\n\t<meta property=\"og:image:type\" content=\"image\/jpeg\" \/>\n<meta name=\"twitter:card\" content=\"summary_large_image\" \/>\n<meta name=\"twitter:label1\" content=\"Est. tempo de leitura\" \/>\n\t<meta name=\"twitter:data1\" content=\"1 minuto\" \/>\n<script type=\"application\/ld+json\" class=\"yoast-schema-graph\">{\"@context\":\"https:\\\/\\\/schema.org\",\"@graph\":[{\"@type\":\"WebPage\",\"@id\":\"https:\\\/\\\/forteclinica.com.br\\\/site\\\/\",\"url\":\"https:\\\/\\\/forteclinica.com.br\\\/site\\\/\",\"name\":\"In\u00edcio -\",\"isPartOf\":{\"@id\":\"https:\\\/\\\/forteclinica.com.br\\\/site\\\/#website\"},\"primaryImageOfPage\":{\"@id\":\"https:\\\/\\\/forteclinica.com.br\\\/site\\\/#primaryimage\"},\"image\":{\"@id\":\"https:\\\/\\\/forteclinica.com.br\\\/site\\\/#primaryimage\"},\"thumbnailUrl\":\"https:\\\/\\\/forteclinica.com.br\\\/site\\\/wp-content\\\/uploads\\\/oftalmologia-pediatrica.jpg\",\"datePublished\":\"2020-10-25T17:14:47+00:00\",\"dateModified\":\"2021-10-04T12:33:27+00:00\",\"breadcrumb\":{\"@id\":\"https:\\\/\\\/forteclinica.com.br\\\/site\\\/#breadcrumb\"},\"inLanguage\":\"pt-BR\",\"potentialAction\":[{\"@type\":\"ReadAction\",\"target\":[\"https:\\\/\\\/forteclinica.com.br\\\/site\\\/\"]}]},{\"@type\":\"ImageObject\",\"inLanguage\":\"pt-BR\",\"@id\":\"https:\\\/\\\/forteclinica.com.br\\\/site\\\/#primaryimage\",\"url\":\"https:\\\/\\\/forteclinica.com.br\\\/site\\\/wp-content\\\/uploads\\\/oftalmologia-pediatrica.jpg\",\"contentUrl\":\"https:\\\/\\\/forteclinica.com.br\\\/site\\\/wp-content\\\/uploads\\\/oftalmologia-pediatrica.jpg\",\"width\":1688,\"height\":1125,\"caption\":\"Oftalmologia Pedi\u00e1trica\"},{\"@type\":\"BreadcrumbList\",\"@id\":\"https:\\\/\\\/forteclinica.com.br\\\/site\\\/#breadcrumb\",\"itemListElement\":[{\"@type\":\"ListItem\",\"position\":1,\"name\":\"In\u00edcio\",\"item\":\"https:\\\/\\\/forteclinica.com.br\\\/site\\\/\"},{\"@type\":\"ListItem\",\"position\":2,\"name\":\"In\u00edcio\"}]},{\"@type\":\"WebSite\",\"@id\":\"https:\\\/\\\/forteclinica.com.br\\\/site\\\/#website\",\"url\":\"https:\\\/\\\/forteclinica.com.br\\\/site\\\/\",\"name\":\"51 98341-2244 - Dr. Fausto Stangler Oftalmologista Pedi\u00e1trico e Adulto\",\"description\":\"\",\"publisher\":{\"@id\":\"https:\\\/\\\/forteclinica.com.br\\\/site\\\/#organization\"},\"potentialAction\":[{\"@type\":\"SearchAction\",\"target\":{\"@type\":\"EntryPoint\",\"urlTemplate\":\"https:\\\/\\\/forteclinica.com.br\\\/site\\\/?s={search_term_string}\"},\"query-input\":{\"@type\":\"PropertyValueSpecification\",\"valueRequired\":true,\"valueName\":\"search_term_string\"}}],\"inLanguage\":\"pt-BR\"},{\"@type\":\"Organization\",\"@id\":\"https:\\\/\\\/forteclinica.com.br\\\/site\\\/#organization\",\"name\":\"51 98341-2244 Dr. Fausto Stangler Oftalmologista Pedi\u00e1trico e Adulto\",\"url\":\"https:\\\/\\\/forteclinica.com.br\\\/site\\\/\",\"logo\":{\"@type\":\"ImageObject\",\"inLanguage\":\"pt-BR\",\"@id\":\"https:\\\/\\\/forteclinica.com.br\\\/site\\\/#\\\/schema\\\/logo\\\/image\\\/\",\"url\":\"https:\\\/\\\/forteclinica.com.br\\\/site\\\/wp-content\\\/uploads\\\/2020\\\/10\\\/f-1.jpg\",\"contentUrl\":\"https:\\\/\\\/forteclinica.com.br\\\/site\\\/wp-content\\\/uploads\\\/2020\\\/10\\\/f-1.jpg\",\"width\":988,\"height\":1365,\"caption\":\"51 98341-2244 Dr. Fausto Stangler Oftalmologista Pedi\u00e1trico e Adulto\"},\"image\":{\"@id\":\"https:\\\/\\\/forteclinica.com.br\\\/site\\\/#\\\/schema\\\/logo\\\/image\\\/\"}}]}<\/script>\n<!-- \/ Yoast SEO plugin. -->","yoast_head_json":{"title":"In\u00edcio -","robots":{"index":"index","follow":"follow","max-snippet":"max-snippet:-1","max-image-preview":"max-image-preview:large","max-video-preview":"max-video-preview:-1"},"canonical":"https:\/\/forteclinica.com.br\/site\/","og_locale":"pt_BR","og_type":"article","og_title":"In\u00edcio -","og_description":"MARCAR CONSULTA WHATSAPP 51 98231-0230 LIGAR 3365-2244 COMO CHEGAR INFORMA\u00c7\u00d5ES M\u00c9DICAS PARA PACIENTES CONTE\u00daDO T\u00c9CNICO PARA M\u00c9DICOS PARA RESIDENTES QUEM \u00c9 O DR. FAUSTO STANGLER","og_url":"https:\/\/forteclinica.com.br\/site\/","article_modified_time":"2021-10-04T12:33:27+00:00","og_image":[{"width":1688,"height":1125,"url":"https:\/\/forteclinica.com.br\/site\/wp-content\/uploads\/oftalmologia-pediatrica.jpg","type":"image\/jpeg"}],"twitter_card":"summary_large_image","twitter_misc":{"Est. tempo de leitura":"1 minuto"},"schema":{"@context":"https:\/\/schema.org","@graph":[{"@type":"WebPage","@id":"https:\/\/forteclinica.com.br\/site\/","url":"https:\/\/forteclinica.com.br\/site\/","name":"In\u00edcio -","isPartOf":{"@id":"https:\/\/forteclinica.com.br\/site\/#website"},"primaryImageOfPage":{"@id":"https:\/\/forteclinica.com.br\/site\/#primaryimage"},"image":{"@id":"https:\/\/forteclinica.com.br\/site\/#primaryimage"},"thumbnailUrl":"https:\/\/forteclinica.com.br\/site\/wp-content\/uploads\/oftalmologia-pediatrica.jpg","datePublished":"2020-10-25T17:14:47+00:00","dateModified":"2021-10-04T12:33:27+00:00","breadcrumb":{"@id":"https:\/\/forteclinica.com.br\/site\/#breadcrumb"},"inLanguage":"pt-BR","potentialAction":[{"@type":"ReadAction","target":["https:\/\/forteclinica.com.br\/site\/"]}]},{"@type":"ImageObject","inLanguage":"pt-BR","@id":"https:\/\/forteclinica.com.br\/site\/#primaryimage","url":"https:\/\/forteclinica.com.br\/site\/wp-content\/uploads\/oftalmologia-pediatrica.jpg","contentUrl":"https:\/\/forteclinica.com.br\/site\/wp-content\/uploads\/oftalmologia-pediatrica.jpg","width":1688,"height":1125,"caption":"Oftalmologia Pedi\u00e1trica"},{"@type":"BreadcrumbList","@id":"https:\/\/forteclinica.com.br\/site\/#breadcrumb","itemListElement":[{"@type":"ListItem","position":1,"name":"In\u00edcio","item":"https:\/\/forteclinica.com.br\/site\/"},{"@type":"ListItem","position":2,"name":"In\u00edcio"}]},{"@type":"WebSite","@id":"https:\/\/forteclinica.com.br\/site\/#website","url":"https:\/\/forteclinica.com.br\/site\/","name":"51 98341-2244 - Dr. Fausto Stangler Oftalmologista Pedi\u00e1trico e Adulto","description":"","publisher":{"@id":"https:\/\/forteclinica.com.br\/site\/#organization"},"potentialAction":[{"@type":"SearchAction","target":{"@type":"EntryPoint","urlTemplate":"https:\/\/forteclinica.com.br\/site\/?s={search_term_string}"},"query-input":{"@type":"PropertyValueSpecification","valueRequired":true,"valueName":"search_term_string"}}],"inLanguage":"pt-BR"},{"@type":"Organization","@id":"https:\/\/forteclinica.com.br\/site\/#organization","name":"51 98341-2244 Dr. Fausto Stangler Oftalmologista Pedi\u00e1trico e Adulto","url":"https:\/\/forteclinica.com.br\/site\/","logo":{"@type":"ImageObject","inLanguage":"pt-BR","@id":"https:\/\/forteclinica.com.br\/site\/#\/schema\/logo\/image\/","url":"https:\/\/forteclinica.com.br\/site\/wp-content\/uploads\/2020\/10\/f-1.jpg","contentUrl":"https:\/\/forteclinica.com.br\/site\/wp-content\/uploads\/2020\/10\/f-1.jpg","width":988,"height":1365,"caption":"51 98341-2244 Dr. Fausto Stangler Oftalmologista Pedi\u00e1trico e Adulto"},"image":{"@id":"https:\/\/forteclinica.com.br\/site\/#\/schema\/logo\/image\/"}}]}},"_links":{"self":[{"href":"https:\/\/forteclinica.com.br\/site\/wp-json\/wp\/v2\/pages\/268","targetHints":{"allow":["GET"]}}],"collection":[{"href":"https:\/\/forteclinica.com.br\/site\/wp-json\/wp\/v2\/pages"}],"about":[{"href":"https:\/\/forteclinica.com.br\/site\/wp-json\/wp\/v2\/types\/page"}],"author":[{"embeddable":true,"href":"https:\/\/forteclinica.com.br\/site\/wp-json\/wp\/v2\/users\/1"}],"replies":[{"embeddable":true,"href":"https:\/\/forteclinica.com.br\/site\/wp-json\/wp\/v2\/comments?post=268"}],"version-history":[{"count":15,"href":"https:\/\/forteclinica.com.br\/site\/wp-json\/wp\/v2\/pages\/268\/revisions"}],"predecessor-version":[{"id":885,"href":"https:\/\/forteclinica.com.br\/site\/wp-json\/wp\/v2\/pages\/268\/revisions\/885"}],"wp:featuredmedia":[{"embeddable":true,"href":"https:\/\/forteclinica.com.br\/site\/wp-json\/wp\/v2\/media\/103"}],"wp:attachment":[{"href":"https:\/\/forteclinica.com.br\/site\/wp-json\/wp\/v2\/media?parent=268"}],"curies":[{"name":"wp","href":"https:\/\/api.w.org\/{rel}","templated":true}]}}