{"id":35,"date":"2020-10-24T23:13:11","date_gmt":"2020-10-25T02:13:11","guid":{"rendered":"https:\/\/forteclinica.com.br\/site\/?page_id=35"},"modified":"2024-03-26T18:30:25","modified_gmt":"2024-03-26T21:30:25","slug":"termo-de-uso","status":"publish","type":"page","link":"https:\/\/forteclinica.com.br\/site\/termo-de-uso\/","title":{"rendered":"TERMO DE USO"},"content":{"rendered":"\n<h3 class=\"wp-block-heading\" id=\"block-287fba7f-15b8-42ae-b44b-ef2382219d0d\"> FORTE CL\u00cdNICA M\u00c9DICA CNPJ 15.358.394\/0001-21 <\/h3>\n\n\n\n<h3 class=\"wp-block-heading\"> Respons\u00e1vel T\u00e9cnico Dr. Fausto Stangler CRM\/RS 24730 RQE 17742 <\/h3>\n\n\n\n<p id=\"block-301f84d5-5c74-429d-b19b-da3b3924567e\">Estes termos de servi\u00e7o regulam o uso deste site. Ao acess\u00e1-lo voc\u00ea concorda com estes termos. Por favor, consulte regularmente os nossos termos de servi\u00e7o.<\/p>\n\n\n\n<h3 class=\"wp-block-heading\" id=\"block-5f7f5298-f8e7-464b-94d2-e843de2145c6\">Acesso ao site<\/h3>\n\n\n\n<p id=\"block-b0bad22a-c1e5-4b74-b4d9-9dddd0c0ef22\">Para acessar o conte\u00fado deste site poder ser solicitado ao usu\u00e1rio algumas informa\u00e7\u00f5es pessoais como nome, e-mail e outros. Se acharmos que as informa\u00e7\u00f5es n\u00e3o s\u00e3o corretas ou verdadeiras, temos o direito de recusar e\/ou cancelar o acesso a qualquer tempo, sem notifica\u00e7\u00e3o pr\u00e9via.<\/p>\n\n\n\n<h3 class=\"wp-block-heading\" id=\"block-0236ca2a-192e-4ff1-9170-a415a0f6850e\">Restri\u00e7\u00f5es ao uso<\/h3>\n\n\n\n<p id=\"block-fd79fc85-7891-433b-af0d-631a948a1fbf\">Voc\u00ea s\u00f3 poder\u00e1 usar este site para prop\u00f3sitos permitidos por n\u00f3s. Voc\u00ea n\u00e3o poder\u00e1 us\u00e1-lo em qualquer outro objetivo, especialmente comercial, sem o nosso consentimento pr\u00e9vio. N\u00e3o associe nossas marcas a nenhuma outra. N\u00e3o exponha nosso nome, logotipo, logomarca entre outros, indevidamente e de forma a causar confus\u00e3o.<\/p>\n\n\n\n<h3 class=\"wp-block-heading\" id=\"block-6719e953-f328-4355-ab7c-74f9bd221567\">Propriedade da informa\u00e7\u00e3o<\/h3>\n\n\n\n<p id=\"block-682a0ee9-3240-43d2-869e-30f7217a93b9\">O conte\u00fado do site n\u00e3o pode ser copiado, distribu\u00eddo, publicado, carregado, postado ou transmitido por qualquer outro meio sem o nosso consentimento pr\u00e9vio, a n\u00e3o ser que a finalidade seja apenas a divulga\u00e7\u00e3o. Qualquer toler\u00e2ncia ao uso n\u00e3o autorizado do nosso conte\u00fado ser\u00e1 mera liberalidade da empresa e pode ser modificada sem aviso pr\u00e9vio.<\/p>\n\n\n\n<h3 class=\"wp-block-heading\" id=\"block-61937fa0-c323-469d-bd6d-6b971fe8f859\">Hyperlinks<\/h3>\n\n\n\n<p id=\"block-e1d992d9-3bad-41ac-9b3a-cb0b02415514\">Este site pode conter links para outros websites que n\u00e3o s\u00e3o mantidos ou relacionados \u00e0 nossa empresa. N\u00e3o somos respons\u00e1veis pelo conte\u00fado destes links. O usu\u00e1rio assume completamente o risco ao acessar estes hyperlinks.<\/p>\n\n\n\n<h3 class=\"wp-block-heading\" id=\"block-70946776-5460-4d98-848d-486f73538ddb\">Coment\u00e1rios<\/h3>\n\n\n\n<p id=\"block-6951f200-0ddf-4fb4-83a3-97167fc7a0d1\">Ao postar algum coment\u00e1rio ou depoimento em nosso site voc\u00ea autoriza a publica\u00e7\u00e3o do mesmo em qualquer lugar que desejarmos, a fim de cooperar com a divulga\u00e7\u00e3o de nossos produtos.<\/p>\n\n\n\n<h3 class=\"wp-block-heading\" id=\"block-a391a3d1-5821-44c6-9455-eeb66deab389\">Aviso legal<\/h3>\n\n\n\n<p id=\"block-4cfb11ef-fe6c-4643-a553-b3564cdbc64f\">A informa\u00e7\u00e3o obtida ao usar este site n\u00e3o \u00e9 completa e n\u00e3o cobre todas as quest\u00f5es, t\u00f3picos ou fatos que possam ser relevantes para seus objetivos. O uso deste site \u00e9 de sua total responsabilidade. O conte\u00fado \u00e9 oferecido como est\u00e1 e sem garantias de qualquer tipo, expressas ou impl\u00edcitas. O conte\u00fado deste site n\u00e3o \u00e9 palavra final sobre qualquer assunto, e podemos fazer melhorias a qualquer momento.<\/p>\n\n\n\n<p id=\"block-7ecbffff-4d9f-432e-af87-f97ef9765e4c\">Voc\u00ea, e n\u00e3o a nossa empresa, assume o custo de qualquer servi\u00e7o, reparo ou corre\u00e7\u00e3o necess\u00e1rios no caso de qualquer perda ou dano consequente do uso deste site ou seu conte\u00fado.<\/p>\n\n\n\n<p id=\"block-ca177e98-4e77-41e0-bf25-2c1a82e903a1\">Voc\u00ea entende que nossa empresa n\u00e3o pode e n\u00e3o garante que arquivos dispon\u00edveis para download da Internet estejam livres de v\u00edrus, worms, cavalos de Tr\u00f3ia ou outro c\u00f3digo que possa manifestar propriedades contaminadoras ou destrutivas.<\/p>\n\n\n\n<h3 class=\"wp-block-heading\" id=\"block-3b6d4563-2d67-4fad-bd50-0b1fd2f4df87\">Limita\u00e7\u00e3o de responsabilidade<\/h3>\n\n\n\n<p id=\"block-91450fed-3f8a-40e8-aa68-3a0e954be2a0\">A EMPRESA, SUAS FILIAIS, AFILIADOS, LICENCIANTES, PROVEDORES DE SERVI\u00c7O, PROVEDORES DE CONTE\u00daDO, EMPREGADOS, AGENTES, ADMINISTRADORES E DIRETORES N\u00c3O SER\u00c3O RESPONS\u00c1VEIS POR QUALQUER DANO EVENTUAL, DIRETO, INDIRETO, PUNITIVO, REAL, CONSEQUENTE, ESPECIAL, EXEMPLAR OU DE QUALQUER OUTRO TIPO, INCLUINDO PERDA DE RECEITA OU RENDA, DOR E SOFRIMENTO, ESTRESSE EMOCIONAL OU SIMILARES MESMO QUE A EMPRESA TENHA ACONSELHADO SOBRE A POSSIBILIDADE DE TAIS DANOS. DE NENHUMA FORMA A RESPONSABILDIADE COLETIVA DA EMPRESA E SUAS FILIAIS, AFILIADOS, LICENCIANTES, PROVEDORES DE SERVI\u00c7O, PROVEDORES DE CONTE\u00daDO, EMPREGADOS, AGENTES, ADMINISTRADORES E DIRETORES EM RELA\u00c7\u00c3O A TERCEIROS (INDEPENDENTE DO TIPO DE A\u00c7\u00c3O, SEJA POR CONTRATO OU QUALQUER OUTRO) EXCEDER\u00c1 A QUANTIA DE R$50 (cinquenta reais) OU O VALOR PAGO \u00c0 EMPRESA POR TAL CONTE\u00daDO, PRODUTO OU SERVI\u00c7O DO QUAL A QUEST\u00c3O TENHA SIDO LEVANTADA.<\/p>\n\n\n\n<h3 class=\"wp-block-heading\" id=\"block-6938dd36-2529-4ddb-983e-eeb1a43bd07e\">Indeniza\u00e7\u00e3o<\/h3>\n\n\n\n<p id=\"block-0663ec8c-d5dc-42ae-8365-04b767eb6ca5\">Voc\u00ea vai indenizar e isentar a Empresa, suas filiais, afiliados, licenciantes, provedores de servi\u00e7o, provedores de conte\u00fado, empregados, agentes, administradores e diretores (referidas agora como Partes Isentas) de qualquer viola\u00e7\u00e3o desse Termo de Uso por voc\u00ea, incluindo o uso do Conte\u00fado diferente do expresso aqui. Voc\u00ea concorda que as Partes Isentas n\u00e3o t\u00eam responsabilidade ou conex\u00e3o com qualquer viola\u00e7\u00e3o ou uso n\u00e3o autorizado e voc\u00ea concorda em remediar toda e qualquer perda, dano, julgamento, pr\u00eamios, custo, despesas e honor\u00e1rios advogat\u00edcios das Partes Isentas ligadas a viola\u00e7\u00e3o. Voc\u00ea tamb\u00e9m indenizar\u00e1 e isentar\u00e1 as Partes Isentas de qualquer reivindica\u00e7\u00e3o de terceiros resultante do uso da informa\u00e7\u00e3o contida neste site.<\/p>\n\n\n\n<h3 class=\"wp-block-heading\" id=\"block-941a7c1b-a46d-4b4f-9e53-8fdf4e8da5a0\">Marcas registradas<\/h3>\n\n\n\n<p id=\"block-a612f9a1-6fb8-4d4d-9446-db686f18a0c2\">Marcas e logos presentes neste site s\u00e3o propriedade da empresa ou da parte que as disponibilizaram para a empresa. A empresa e as partes que disponibilizaram marca e logo det\u00e9m todos os direitos sobre as mesmas.<\/p>\n\n\n\n<h3 class=\"wp-block-heading\" id=\"block-63b3fa52-3790-4cdc-92aa-a4b114bb6114\">Informa\u00e7\u00e3o provida pelo usu\u00e1rio<\/h3>\n\n\n\n<p id=\"block-dcf1c34a-3422-41cc-9f0d-88bf29a5a373\">Voc\u00ea n\u00e3o pode publicar enviar, apresentar ou fazer conex\u00e3o a esse site qualquer material que:<\/p>\n\n\n\n<p id=\"block-9f0a623d-5483-4f45-9e44-66bf2a7d6de1\">voc\u00ea n\u00e3o tenha o direito de postar, incluindo material de propriedade de terceiros defenda atividade ilegal ou discutir a inten\u00e7\u00e3o de fazer algo ilegal; seja vulgar, obsceno, pornogr\u00e1fico ou indecente n\u00e3o diga respeito diretamente a este site; possa amea\u00e7ar ou insultar outros, difamar, caluniar, invadir privacidade, perseguir, ser obsceno, pornogr\u00e1fico, racista, assediar ou ofender; busca explorar ou prejudicar crian\u00e7as expondo-as a conte\u00fado inapropriado, perguntar sobre informa\u00e7\u00f5es pessoais ou qualquer outro do tipo; infrinja qualquer propriedade intelectual ou outro direito de pessoa ou entidade, incluindo viola\u00e7\u00f5es de direitos autorais,marca registrada ou direitos de publicidade; violam qualquer lei ou podem ser considerados para violar a lei; personifique ou deturpar sua conex\u00e3o com qualquer entidade ou pessoa; ou ainda manipula t\u00edtulos ou identificadores para encobrir a origem do conte\u00fado promova qualquer empreendimento comercial (ex: oferecer produtos ou servi\u00e7os em promo\u00e7\u00e3o) ou que engaje de qualquer forma em uma atividade comercial (ex: realizar sorteios ou concursos, expor banners patrocinadores e\/ou solicitar bens e servi\u00e7os) exceto que especificamente autorizado neste site; solicitar fundos, divulga\u00e7\u00f5es ou patrocinadores; inclua programas com v\u00edrus, worms e\/ou Cavalos de Tr\u00f3ia ou qualquer outro c\u00f3digo, arquivo ou programa de computador destinado a interromper, destruir ou limitar a funcionalidade de qualquer software ou hardware de computador ou telecomunica\u00e7\u00f5es; interrompa o fluxo normal da conversa, fa\u00e7a com que a tela \u201crole\u201d mais r\u00e1pido que os os outros usu\u00e1rios conseguem acompanhar ou mesmo agir de modo a afetar a habilidade de outras pessoas de se engajar em atividades em tempo real neste site; inclua arquivos em formato MP3 desobede\u00e7a qualquer pol\u00edtica ou regra estabelecida de tempos em tempos para o uso desse site ou qualquer rede conectada a ele; ou contenha hiperlinks para sites que contenham conte\u00fado que se enquadrem nas descri\u00e7\u00f5es acima.<\/p>\n\n\n\n<p id=\"block-e4430e79-9488-4eb8-9495-69a60ada83c6\">Mesmo sem a obriga\u00e7\u00e3o de faze-lo, nossa Empresa reserva o direito de monitorar o uso deste site para determinar o cumprimento desse Termo de Uso assim como o de remover ou vetar qualquer informa\u00e7\u00e3o por qualquer raz\u00e3o. De qualquer forma voc\u00ea \u00e9 completamente respons\u00e1vel pelo conte\u00fado de seus envios. Voc\u00ea sabe e concorda que nem a Empresa ou qualquer terceiro provendo conte\u00fado para a Empresa assumir\u00e1 qualquer responsabilidade por nenhuma a\u00e7\u00e3o ou ina\u00e7\u00e3o da Empresa ou referido terceiro a respeito de qualquer envio.<\/p>\n\n\n\n<h3 class=\"wp-block-heading\" id=\"block-091a151c-9b35-4227-8b0f-6cbbb898d57a\">Seguran\u00e7a<\/h3>\n\n\n\n<p id=\"block-8f21b5d9-f60a-4ecc-b425-ad8a4122ed33\">Toda senha usada para este site \u00e9 somente para uso individual. Voc\u00ea \u00e9 respons\u00e1vel pela seguran\u00e7a de sua senha (se for o caso). A Empresa tem o direito de monitorar a seguran\u00e7a de sua senha e ao seu crit\u00e9rio pode pedir que voc\u00ea a mude. Se voc\u00ea usar qualquer senha que a Empresa considere insegura, a Empresa tem o direito de requisitar que a senha seja modificada e\/ou cancelar a sua conta.<\/p>\n\n\n\n<p id=\"block-3b0b9034-4b8c-452c-90ed-4c48810f425e\">\u00c9 proibido usar qualquer servi\u00e7o ou ferramenta conectada a este site para comprometer a seguran\u00e7a ou mexer com os recursos do sistema e\/ou contas. O uso ou distribui\u00e7\u00e3o de ferramentas destinadas para comprometer a seguran\u00e7a (ex: programas para descobrir senha, ferramentas de crack ou de sondagem da rede) s\u00e3o estritamente proibidos. Se voc\u00ea estiver envolvido em qualquer viola\u00e7\u00e3o da seguran\u00e7a do sistema, a Empresa se reserva o direito de fornecer suas informa\u00e7\u00f5es para os administradores de sistema de outros sites para ajud\u00e1-los a resolver incidentes de seguran\u00e7a. A Empresa se reserva o direito de investigar potenciais viola\u00e7\u00f5es a esse Termo de Uso.<\/p>\n\n\n\n<p id=\"block-31aeafa0-e043-4bb5-abb5-6d329c720869\">A Empresa se reserva o direito de cooperar totalmente com as autoridades competentes ou pedidos da justi\u00e7a para que a Empresa revele a identidade de qualquer pessoa que publique e-mail, mensagem ou disponibilize qualquer material que possa violar esse Termo de Uso.<\/p>\n\n\n\n<p id=\"block-17df6f49-a595-43a7-8d08-5c8ad251a542\">AO ACEITAR ESSE ACORDO VOC\u00ca ISENTA A EMPRESA DE QUALQUER CONSEQU\u00caNCIA RESULTANTE DE QUALQUER A\u00c7AO DA EMPRESA DURANTE OU COMO RESULTADO DE SUAS INVESTIGA\u00c7\u00d5ES E\/OU DE A\u00c7\u00d5ES TOMADAS RESULTANTES DE INVESTIGA\u00c7\u00d5ES TANTO DA EMPRESA QUANTO DAS AUTORIDADES DE JUSTI\u00c7A COMPETENTES<\/p>\n\n\n\n<p id=\"block-31e3e536-e9c4-4d51-8d7e-0845b9e99746\">Termos de Uso Revisados e Atualizados em 17\/07\/2018<\/p>\n","protected":false},"excerpt":{"rendered":"<p>FORTE CL\u00cdNICA M\u00c9DICA CNPJ 15.358.394\/0001-21 Respons\u00e1vel T\u00e9cnico Dr. Fausto Stangler CRM\/RS 24730 RQE 17742 Estes termos de servi\u00e7o regulam o uso deste site. Ao acess\u00e1-lo voc\u00ea concorda com estes termos. Por favor, consulte regularmente os nossos termos de servi\u00e7o. Acesso ao site Para acessar o conte\u00fado deste site poder ser solicitado ao usu\u00e1rio algumas informa\u00e7\u00f5es pessoais como nome, e-mail e outros. Se acharmos que as informa\u00e7\u00f5es n\u00e3o s\u00e3o corretas ou verdadeiras, temos o direito de recusar e\/ou cancelar o acesso a qualquer tempo, sem notifica\u00e7\u00e3o <a href=\"https:\/\/forteclinica.com.br\/site\/termo-de-uso\/\" class=\"more-link\"><span>Leia mais<\/span>\u2192<\/a><\/p>\n","protected":false},"author":1,"featured_media":0,"parent":0,"menu_order":98,"comment_status":"closed","ping_status":"closed","template":"","meta":{"footnotes":""},"class_list":["entry","author-dr-fausto-stangler","post-35","page","type-page","status-publish"],"yoast_head":"<!-- This site is optimized with the Yoast SEO plugin v27.4 - https:\/\/yoast.com\/product\/yoast-seo-wordpress\/ -->\n<title>TERMO DE USO -<\/title>\n<meta name=\"robots\" content=\"index, follow, max-snippet:-1, max-image-preview:large, max-video-preview:-1\" \/>\n<link rel=\"canonical\" href=\"https:\/\/forteclinica.com.br\/site\/termo-de-uso\/\" \/>\n<meta property=\"og:locale\" content=\"pt_BR\" \/>\n<meta property=\"og:type\" content=\"article\" \/>\n<meta property=\"og:title\" content=\"TERMO DE USO -\" \/>\n<meta property=\"og:description\" content=\"FORTE CL\u00cdNICA M\u00c9DICA CNPJ 15.358.394\/0001-21 Respons\u00e1vel T\u00e9cnico Dr. Fausto Stangler CRM\/RS 24730 RQE 17742 Estes termos de servi\u00e7o regulam o uso deste site. Ao acess\u00e1-lo voc\u00ea concorda com estes termos. Por favor, consulte regularmente os nossos termos de servi\u00e7o. Acesso ao site Para acessar o conte\u00fado deste site poder ser solicitado ao usu\u00e1rio algumas informa\u00e7\u00f5es pessoais como nome, e-mail e outros. Se acharmos que as informa\u00e7\u00f5es n\u00e3o s\u00e3o corretas ou verdadeiras, temos o direito de recusar e\/ou cancelar o acesso a qualquer tempo, sem notifica\u00e7\u00e3o Leia mais\u2192\" \/>\n<meta property=\"og:url\" content=\"https:\/\/forteclinica.com.br\/site\/termo-de-uso\/\" \/>\n<meta property=\"article:modified_time\" content=\"2024-03-26T21:30:25+00:00\" \/>\n<meta name=\"twitter:card\" content=\"summary_large_image\" \/>\n<meta name=\"twitter:label1\" content=\"Est. tempo de leitura\" \/>\n\t<meta name=\"twitter:data1\" content=\"8 minutos\" \/>\n<script type=\"application\/ld+json\" class=\"yoast-schema-graph\">{\"@context\":\"https:\\\/\\\/schema.org\",\"@graph\":[{\"@type\":\"WebPage\",\"@id\":\"https:\\\/\\\/forteclinica.com.br\\\/site\\\/termo-de-uso\\\/\",\"url\":\"https:\\\/\\\/forteclinica.com.br\\\/site\\\/termo-de-uso\\\/\",\"name\":\"TERMO DE USO -\",\"isPartOf\":{\"@id\":\"https:\\\/\\\/forteclinica.com.br\\\/site\\\/#website\"},\"datePublished\":\"2020-10-25T02:13:11+00:00\",\"dateModified\":\"2024-03-26T21:30:25+00:00\",\"breadcrumb\":{\"@id\":\"https:\\\/\\\/forteclinica.com.br\\\/site\\\/termo-de-uso\\\/#breadcrumb\"},\"inLanguage\":\"pt-BR\",\"potentialAction\":[{\"@type\":\"ReadAction\",\"target\":[\"https:\\\/\\\/forteclinica.com.br\\\/site\\\/termo-de-uso\\\/\"]}]},{\"@type\":\"BreadcrumbList\",\"@id\":\"https:\\\/\\\/forteclinica.com.br\\\/site\\\/termo-de-uso\\\/#breadcrumb\",\"itemListElement\":[{\"@type\":\"ListItem\",\"position\":1,\"name\":\"In\u00edcio\",\"item\":\"https:\\\/\\\/forteclinica.com.br\\\/site\\\/\"},{\"@type\":\"ListItem\",\"position\":2,\"name\":\"TERMO DE USO\"}]},{\"@type\":\"WebSite\",\"@id\":\"https:\\\/\\\/forteclinica.com.br\\\/site\\\/#website\",\"url\":\"https:\\\/\\\/forteclinica.com.br\\\/site\\\/\",\"name\":\"51 98341-2244 - Dr. Fausto Stangler Oftalmologista Pedi\u00e1trico e Adulto\",\"description\":\"\",\"publisher\":{\"@id\":\"https:\\\/\\\/forteclinica.com.br\\\/site\\\/#organization\"},\"potentialAction\":[{\"@type\":\"SearchAction\",\"target\":{\"@type\":\"EntryPoint\",\"urlTemplate\":\"https:\\\/\\\/forteclinica.com.br\\\/site\\\/?s={search_term_string}\"},\"query-input\":{\"@type\":\"PropertyValueSpecification\",\"valueRequired\":true,\"valueName\":\"search_term_string\"}}],\"inLanguage\":\"pt-BR\"},{\"@type\":\"Organization\",\"@id\":\"https:\\\/\\\/forteclinica.com.br\\\/site\\\/#organization\",\"name\":\"51 98341-2244 Dr. Fausto Stangler Oftalmologista Pedi\u00e1trico e Adulto\",\"url\":\"https:\\\/\\\/forteclinica.com.br\\\/site\\\/\",\"logo\":{\"@type\":\"ImageObject\",\"inLanguage\":\"pt-BR\",\"@id\":\"https:\\\/\\\/forteclinica.com.br\\\/site\\\/#\\\/schema\\\/logo\\\/image\\\/\",\"url\":\"https:\\\/\\\/forteclinica.com.br\\\/site\\\/wp-content\\\/uploads\\\/2020\\\/10\\\/f-1.jpg\",\"contentUrl\":\"https:\\\/\\\/forteclinica.com.br\\\/site\\\/wp-content\\\/uploads\\\/2020\\\/10\\\/f-1.jpg\",\"width\":988,\"height\":1365,\"caption\":\"51 98341-2244 Dr. Fausto Stangler Oftalmologista Pedi\u00e1trico e Adulto\"},\"image\":{\"@id\":\"https:\\\/\\\/forteclinica.com.br\\\/site\\\/#\\\/schema\\\/logo\\\/image\\\/\"}}]}<\/script>\n<!-- \/ Yoast SEO plugin. -->","yoast_head_json":{"title":"TERMO DE USO -","robots":{"index":"index","follow":"follow","max-snippet":"max-snippet:-1","max-image-preview":"max-image-preview:large","max-video-preview":"max-video-preview:-1"},"canonical":"https:\/\/forteclinica.com.br\/site\/termo-de-uso\/","og_locale":"pt_BR","og_type":"article","og_title":"TERMO DE USO -","og_description":"FORTE CL\u00cdNICA M\u00c9DICA CNPJ 15.358.394\/0001-21 Respons\u00e1vel T\u00e9cnico Dr. Fausto Stangler CRM\/RS 24730 RQE 17742 Estes termos de servi\u00e7o regulam o uso deste site. Ao acess\u00e1-lo voc\u00ea concorda com estes termos. Por favor, consulte regularmente os nossos termos de servi\u00e7o. Acesso ao site Para acessar o conte\u00fado deste site poder ser solicitado ao usu\u00e1rio algumas informa\u00e7\u00f5es pessoais como nome, e-mail e outros. Se acharmos que as informa\u00e7\u00f5es n\u00e3o s\u00e3o corretas ou verdadeiras, temos o direito de recusar e\/ou cancelar o acesso a qualquer tempo, sem notifica\u00e7\u00e3o Leia mais\u2192","og_url":"https:\/\/forteclinica.com.br\/site\/termo-de-uso\/","article_modified_time":"2024-03-26T21:30:25+00:00","twitter_card":"summary_large_image","twitter_misc":{"Est. tempo de leitura":"8 minutos"},"schema":{"@context":"https:\/\/schema.org","@graph":[{"@type":"WebPage","@id":"https:\/\/forteclinica.com.br\/site\/termo-de-uso\/","url":"https:\/\/forteclinica.com.br\/site\/termo-de-uso\/","name":"TERMO DE USO -","isPartOf":{"@id":"https:\/\/forteclinica.com.br\/site\/#website"},"datePublished":"2020-10-25T02:13:11+00:00","dateModified":"2024-03-26T21:30:25+00:00","breadcrumb":{"@id":"https:\/\/forteclinica.com.br\/site\/termo-de-uso\/#breadcrumb"},"inLanguage":"pt-BR","potentialAction":[{"@type":"ReadAction","target":["https:\/\/forteclinica.com.br\/site\/termo-de-uso\/"]}]},{"@type":"BreadcrumbList","@id":"https:\/\/forteclinica.com.br\/site\/termo-de-uso\/#breadcrumb","itemListElement":[{"@type":"ListItem","position":1,"name":"In\u00edcio","item":"https:\/\/forteclinica.com.br\/site\/"},{"@type":"ListItem","position":2,"name":"TERMO DE USO"}]},{"@type":"WebSite","@id":"https:\/\/forteclinica.com.br\/site\/#website","url":"https:\/\/forteclinica.com.br\/site\/","name":"51 98341-2244 - Dr. Fausto Stangler Oftalmologista Pedi\u00e1trico e Adulto","description":"","publisher":{"@id":"https:\/\/forteclinica.com.br\/site\/#organization"},"potentialAction":[{"@type":"SearchAction","target":{"@type":"EntryPoint","urlTemplate":"https:\/\/forteclinica.com.br\/site\/?s={search_term_string}"},"query-input":{"@type":"PropertyValueSpecification","valueRequired":true,"valueName":"search_term_string"}}],"inLanguage":"pt-BR"},{"@type":"Organization","@id":"https:\/\/forteclinica.com.br\/site\/#organization","name":"51 98341-2244 Dr. Fausto Stangler Oftalmologista Pedi\u00e1trico e Adulto","url":"https:\/\/forteclinica.com.br\/site\/","logo":{"@type":"ImageObject","inLanguage":"pt-BR","@id":"https:\/\/forteclinica.com.br\/site\/#\/schema\/logo\/image\/","url":"https:\/\/forteclinica.com.br\/site\/wp-content\/uploads\/2020\/10\/f-1.jpg","contentUrl":"https:\/\/forteclinica.com.br\/site\/wp-content\/uploads\/2020\/10\/f-1.jpg","width":988,"height":1365,"caption":"51 98341-2244 Dr. Fausto Stangler Oftalmologista Pedi\u00e1trico e Adulto"},"image":{"@id":"https:\/\/forteclinica.com.br\/site\/#\/schema\/logo\/image\/"}}]}},"_links":{"self":[{"href":"https:\/\/forteclinica.com.br\/site\/wp-json\/wp\/v2\/pages\/35","targetHints":{"allow":["GET"]}}],"collection":[{"href":"https:\/\/forteclinica.com.br\/site\/wp-json\/wp\/v2\/pages"}],"about":[{"href":"https:\/\/forteclinica.com.br\/site\/wp-json\/wp\/v2\/types\/page"}],"author":[{"embeddable":true,"href":"https:\/\/forteclinica.com.br\/site\/wp-json\/wp\/v2\/users\/1"}],"replies":[{"embeddable":true,"href":"https:\/\/forteclinica.com.br\/site\/wp-json\/wp\/v2\/comments?post=35"}],"version-history":[{"count":2,"href":"https:\/\/forteclinica.com.br\/site\/wp-json\/wp\/v2\/pages\/35\/revisions"}],"predecessor-version":[{"id":1027,"href":"https:\/\/forteclinica.com.br\/site\/wp-json\/wp\/v2\/pages\/35\/revisions\/1027"}],"wp:attachment":[{"href":"https:\/\/forteclinica.com.br\/site\/wp-json\/wp\/v2\/media?parent=35"}],"curies":[{"name":"wp","href":"https:\/\/api.w.org\/{rel}","templated":true}]}}