{"id":50,"date":"2020-10-25T07:15:19","date_gmt":"2020-10-25T10:15:19","guid":{"rendered":"https:\/\/forteclinica.com.br\/site\/?page_id=50"},"modified":"2024-03-26T20:04:49","modified_gmt":"2024-03-26T23:04:49","slug":"sobre","status":"publish","type":"page","link":"https:\/\/forteclinica.com.br\/site\/sobre\/","title":{"rendered":"Dr. Fausto Stangler"},"content":{"rendered":"\n<div class=\"wp-block-cover has-background-dim has-background-gradient has-custom-content-position is-position-bottom-right\"><span aria-hidden=\"true\" class=\"wp-block-cover__gradient-background\" style=\"background:linear-gradient(135deg,rgba(6,147,227,1) 0%,rgb(224,135,82) 100%)\"><\/span><img loading=\"lazy\" decoding=\"async\" width=\"500\" height=\"500\" class=\"wp-block-cover__image-background wp-image-55\" alt=\"\" src=\"https:\/\/forteclinica.com.br\/site\/wp-content\/uploads\/dr-fausto-stangler.jpg\" style=\"object-position:46% 33%\" data-object-fit=\"cover\" data-object-position=\"46% 33%\" srcset=\"https:\/\/forteclinica.com.br\/site\/wp-content\/uploads\/dr-fausto-stangler.jpg 500w, https:\/\/forteclinica.com.br\/site\/wp-content\/uploads\/dr-fausto-stangler-300x300.jpg 300w, https:\/\/forteclinica.com.br\/site\/wp-content\/uploads\/dr-fausto-stangler-150x150.jpg 150w\" sizes=\"auto, (max-width: 500px) 100vw, 500px\" \/><div class=\"wp-block-cover__inner-container is-layout-flow wp-block-cover-is-layout-flow\">\n<p class=\"has-text-align-right has-primary-color has-text-color has-larger-font-size\"><strong>Eu sou o Oftalmologista <span style=\"text-decoration: underline;\">Dr. Fausto Stangler<\/span>, e aqui voc\u00ea poder\u00e1 me conhecer melhor.<\/strong><\/p>\n<\/div><\/div>\n\n\n\n<p>Eu acredito que \u00e9 miss\u00e3o dos m\u00e9dicos ajudar a melhorar a vida e a vis\u00e3o das pessoas n\u00e3o s\u00f3 com todos os conhecimentos e habilidades t\u00e9cnicas adquiridos com esfor\u00e7o ao longo da carreira, mas principalmente com a aten\u00e7\u00e3o e a dedica\u00e7\u00e3o t\u00e3o grande ou maior que o problema enfrentado pelos nossos pr\u00f3prios pacientes.<\/p>\n\n\n\n<p>No meu trabalho, eu ajudo meus pacientes a enxergarem um futuro melhor. <\/p>\n\n\n\n<figure class=\"wp-block-pullquote is-style-solid-color\"><blockquote><p><em><strong>M\u00e9dico Oftalmologista<\/strong> formado pelo Hospital Banco de Olhos de Porto Alegre, com <strong>especializa\u00e7\u00e3o pela USP Ribeir\u00e3o Preto<\/strong><\/em><\/p><p><em>Atua em Porto Alegre <strong>em consult\u00f3rio e em cirurgias desde 2004<\/strong>, com v\u00e1rios anos de experi\u00eancia profissional<\/em><\/p><p><em>Atua em solu\u00e7\u00e3o de problemas oftalmol\u00f3gicos variados, crian\u00e7as com problemas oculares como troca de \u00f3culos e <strong>refra\u00e7\u00e3o<\/strong>, dificuldades de vis\u00e3o e casos de <strong>baixa vis\u00e3o<\/strong> e <strong>vis\u00e3o subnormal<\/strong> em adultos, e outras quest\u00f5es similares<\/em><\/p><p><em>Atua como <strong>especialista de refer\u00eancia<\/strong> em casos de <strong>cirurgias de estrabismo<\/strong> em crian\u00e7as e adultos no Hospital Banco de Olhos de Porto Alegre<\/em><\/p><p><em>Atua e possui ampla experi\u00eancia profissional como <strong>professor <\/strong>na forma\u00e7\u00e3o <strong>de m\u00e9dicos residentes<\/strong> em oftalmologia<\/em><\/p><p><em>Experi\u00eancia na fun\u00e7\u00e3o de <strong>Diretor T\u00e9cnico<\/strong> do Hospital Banco de Olhos de Porto Alegre<\/em><\/p><\/blockquote><\/figure>\n\n\n\n<p>Eu tamb\u00e9m mantenho neste site uma \u00e1rea com informa\u00e7\u00f5es sobre doen\u00e7as e temas da minha \u00e1rea de atua\u00e7\u00e3o, para bem informar meus pacientes e amigos. <\/p>\n\n\n\n<div class=\"wp-block-image is-style-rounded\"><figure class=\"alignleft size-thumbnail is-resized\"><a href=\"https:\/\/forteclinica.com.br\/site\/\"><img loading=\"lazy\" decoding=\"async\" src=\"https:\/\/forteclinica.com.br\/site\/wp-content\/uploads\/2020\/10\/f-1-150x150.jpg\" alt=\"Logotipo Forte Cl\u00ednica M\u00e9dica\" class=\"wp-image-5\" width=\"75\" height=\"75\"\/><\/a><\/figure><\/div>\n\n\n\n<p>Aqui no meu site principal eu falo para meus pacientes sobre <a href=\"https:\/\/forteclinica.com.br\/site\/categoria\/publico-visao\/\">doen\u00e7as da vis\u00e3o e \u00f3culos<\/a>, sobre <a href=\"https:\/\/forteclinica.com.br\/site\/categoria\/publico-estrabismo\/\">estrabismo<\/a> e sobre <a href=\"https:\/\/forteclinica.com.br\/site\/categoria\/publico-baixa-visao\/\">baixa vis\u00e3o<\/a>. <\/p>\n\n\n\n<div class=\"wp-block-image is-style-rounded\"><figure class=\"alignleft size-large is-resized\"><a href=\"https:\/\/oftalmopediatriapoa.com.br\/site\" target=\"_blank\" rel=\"noopener noreferrer\"><img loading=\"lazy\" decoding=\"async\" src=\"http:\/\/oftalmopediatriapoa.com.br\/site\/wp-content\/uploads\/2020\/10\/OPP-Logo-Quadrado.jpg\" alt=\"\" width=\"75\" height=\"75\"\/><\/a><\/figure><\/div>\n\n\n\n<p>Eu falo tamb\u00e9m sobre doen\u00e7as oculares das crian\u00e7as no meu site de <a href=\"http:\/\/oftalmopediatriapoa.com.br\/site\/categoria\/familias\/\">Oftalmo Pediatria em Porto Alegre<\/a>. L\u00e1 eu falo de <a href=\"http:\/\/oftalmopediatriapoa.com.br\/site\/categoria\/familias\/\">oftalmologia pedi\u00e1trica para fam\u00edlias<\/a> e <a href=\"http:\/\/oftalmopediatriapoa.com.br\/site\/categoria\/educadores\/\">para educadores<\/a>. <\/p>\n\n\n\n<div class=\"wp-block-image is-style-rounded\"><figure class=\"alignleft size-thumbnail is-resized\"><a href=\"https:\/\/forteclinica.com.br\/site\/\"><img loading=\"lazy\" decoding=\"async\" src=\"https:\/\/forteclinica.com.br\/site\/wp-content\/uploads\/2020\/10\/f-1-150x150.jpg\" alt=\"Logotipo Forte Cl\u00ednica M\u00e9dica\" class=\"wp-image-5\" width=\"75\" height=\"75\"\/><\/a><\/figure><\/div>\n\n\n\n<p>E aqui eu tamb\u00e9m falo tecnicamente para meus colegas m\u00e9dicos oftalmologistas sobre <a href=\"https:\/\/forteclinica.com.br\/site\/categoria\/oftalmo-baixa-visao\/\">Vis\u00e3o Subnormal<\/a>, <a href=\"https:\/\/forteclinica.com.br\/site\/categoria\/oftalmo-estrabismo\/\">Estrabismo<\/a> e <a href=\"https:\/\/forteclinica.com.br\/site\/categoria\/oftalmo-pediatria\/\">Oftalmopediatria <\/a>e <a href=\"http:\/\/oftalmopediatriapoa.com.br\/site\/categoria\/pediatras\/\">para meus colegas pediatras sobre Pediatria Oftalmol\u00f3gica<\/a>. <\/p>\n\n\n\n<div class=\"wp-block-image is-style-rounded\"><figure class=\"alignleft size-thumbnail is-resized\"><a href=\"https:\/\/forteclinica.com.br\/site\/\"><img loading=\"lazy\" decoding=\"async\" src=\"https:\/\/forteclinica.com.br\/site\/wp-content\/uploads\/2020\/10\/f-1-150x150.jpg\" alt=\"Logotipo Forte Cl\u00ednica M\u00e9dica\" class=\"wp-image-5\" width=\"75\" height=\"75\"\/><\/a><\/figure><\/div>\n\n\n\n<p>Falo tecnicamente tamb\u00e9m <a href=\"https:\/\/forteclinica.com.br\/site\/categoria\/oftalmo-refracao\/\">para meus alunos m\u00e9dicos residentes em Oftalmologia do Hospital Banco de Olhos de Porto Alegre sobre Refra\u00e7\u00e3o<\/a>. <\/p>\n\n\n\n<div class=\"wp-block-image is-style-rounded\"><figure class=\"alignleft size-large is-resized\"><a href=\"https:\/\/programagestaointeligente.com.br\/site\" target=\"_blank\" rel=\"noopener noreferrer\"><img loading=\"lazy\" decoding=\"async\" src=\"http:\/\/programagestaointeligente.com.br\/site\/wp-content\/uploads\/PGI-Lamp.jpg\" alt=\"Logotipo Forte Cl\u00ednica M\u00e9dica\" width=\"75\" height=\"75\"\/><\/a><\/figure><\/div>\n\n\n\n<p>E finalmente apresento para meus colegas m\u00e9dicos e outros profissionais da \u00e1rea da sa\u00fade o meu site de gest\u00e3o e os meus <a href=\"http:\/\/programagestaointeligente.com.br\/site\/\">Princ\u00edpios de Gest\u00e3o Inteligente do Consult\u00f3rio M\u00e9dico<\/a>, que eu aplico todos os dias na minha pr\u00e1tica m\u00e9dica. <\/p>\n\n\n\n<div class=\"wp-block-group alignwide\"><div class=\"wp-block-group__inner-container is-layout-flow wp-block-group-is-layout-flow\">\n<blockquote class=\"wp-block-quote is-layout-flow wp-block-quote-is-layout-flow\"><p><img loading=\"lazy\" decoding=\"async\" width=\"150\" height=\"150\" class=\"wp-image-55\" style=\"width: 150px;\" src=\"https:\/\/forteclinica.com.br\/site\/wp-content\/uploads\/dr-fausto-stangler.jpg\" alt=\"Dr. Fausto Stangler\" srcset=\"https:\/\/forteclinica.com.br\/site\/wp-content\/uploads\/dr-fausto-stangler.jpg 500w, https:\/\/forteclinica.com.br\/site\/wp-content\/uploads\/dr-fausto-stangler-300x300.jpg 300w, https:\/\/forteclinica.com.br\/site\/wp-content\/uploads\/dr-fausto-stangler-150x150.jpg 150w\" sizes=\"auto, (max-width: 150px) 100vw, 150px\" \/> <\/p><cite><strong><em>Muito prazer, eu sou o Dr. Fausto!<\/em><\/strong><br>Dr. Fausto Stangler M\u00e9dico Oftalmologista Adulto e Pedi\u00e1trico CRM\/RS 24730 e RQE 17742<\/cite><\/blockquote>\n\n\n\n<p class=\"has-text-align-center\"><strong>Agora que voc\u00ea me conhece um pouco mais, fique \u00e0 vontade para entrar em contato <\/strong><\/p>\n\n\n\n<div class=\"wp-block-columns is-layout-flex wp-container-core-columns-is-layout-9d6595d7 wp-block-columns-is-layout-flex\">\n<div class=\"wp-block-column is-layout-flow wp-block-column-is-layout-flow\">\n<div class=\"wp-block-group alignfull\"><div class=\"wp-block-group__inner-container is-layout-flow wp-block-group-is-layout-flow\">\n<div class=\"wp-block-buttons is-content-justification-center is-layout-flex wp-block-buttons-is-layout-flex\">\n<div class=\"wp-block-button is-style-fill\"><a class=\"wp-block-button__link has-text-color has-background\" href=\"https:\/\/forteclinica.com.br\/contato\" style=\"border-radius:50px;background-color:#0d47a1;color:#fffffa\"><strong>CONTATO PROFISSIONAL<\/strong><\/a><\/div>\n<\/div>\n<\/div><\/div>\n<\/div>\n\n\n\n<div class=\"wp-block-column is-layout-flow wp-block-column-is-layout-flow\">\n<div class=\"wp-block-buttons is-content-justification-center is-layout-flex wp-block-buttons-is-layout-flex\">\n<div class=\"wp-block-button is-style-fill\"><a class=\"wp-block-button__link has-text-color has-background\" href=\"https:\/\/forteclinica.com.br\/contato\" style=\"border-radius:50px;background-color:#ff9800;color:#fffffa\"><strong>INFORMA\u00c7\u00d5ES SOBRE CONSULTA M\u00c9DICA<\/strong><\/a><\/div>\n<\/div>\n<\/div>\n<\/div>\n\n\n\n<div class=\"wp-block-buttons is-content-justification-center is-layout-flex wp-block-buttons-is-layout-flex\">\n<div class=\"wp-block-button is-style-outline is-style-outline--2\"><a class=\"wp-block-button__link has-midnight-grey-color has-text-color\" href=\"https:\/\/forteclinica.com.br\/site\/\" style=\"border-radius:50px\"><strong>IN\u00cdCIO<\/strong><\/a><\/div>\n<\/div>\n<\/div><\/div>\n","protected":false},"excerpt":{"rendered":"<p>Eu sou o Oftalmologista Dr. Fausto Stangler, e aqui voc\u00ea poder\u00e1 me conhecer melhor. Eu acredito que \u00e9 miss\u00e3o dos m\u00e9dicos ajudar a melhorar a vida e a vis\u00e3o das pessoas n\u00e3o s\u00f3 com todos os conhecimentos e habilidades t\u00e9cnicas adquiridos com esfor\u00e7o ao longo da carreira, mas principalmente com a aten\u00e7\u00e3o e a dedica\u00e7\u00e3o t\u00e3o grande ou maior que o problema enfrentado pelos nossos pr\u00f3prios pacientes. No meu trabalho, eu ajudo meus pacientes a enxergarem um futuro melhor. M\u00e9dico Oftalmologista formado pelo Hospital Banco <a href=\"https:\/\/forteclinica.com.br\/site\/sobre\/\" class=\"more-link\"><span>Leia mais<\/span>\u2192<\/a><\/p>\n","protected":false},"author":1,"featured_media":55,"parent":0,"menu_order":1,"comment_status":"closed","ping_status":"closed","template":"templates\/page-landing.php","meta":{"footnotes":""},"class_list":["entry","author-dr-fausto-stangler","post-50","page","type-page","status-publish","has-post-thumbnail"],"yoast_head":"<!-- This site is optimized with the Yoast SEO plugin v27.4 - https:\/\/yoast.com\/product\/yoast-seo-wordpress\/ -->\n<title>Dr. Fausto Stangler -<\/title>\n<meta name=\"robots\" content=\"index, follow, max-snippet:-1, max-image-preview:large, max-video-preview:-1\" \/>\n<link rel=\"canonical\" href=\"https:\/\/forteclinica.com.br\/site\/sobre\/\" \/>\n<meta property=\"og:locale\" content=\"pt_BR\" \/>\n<meta property=\"og:type\" content=\"article\" \/>\n<meta property=\"og:title\" content=\"Dr. Fausto Stangler -\" \/>\n<meta property=\"og:description\" content=\"Eu sou o Oftalmologista Dr. Fausto Stangler, e aqui voc\u00ea poder\u00e1 me conhecer melhor. Eu acredito que \u00e9 miss\u00e3o dos m\u00e9dicos ajudar a melhorar a vida e a vis\u00e3o das pessoas n\u00e3o s\u00f3 com todos os conhecimentos e habilidades t\u00e9cnicas adquiridos com esfor\u00e7o ao longo da carreira, mas principalmente com a aten\u00e7\u00e3o e a dedica\u00e7\u00e3o t\u00e3o grande ou maior que o problema enfrentado pelos nossos pr\u00f3prios pacientes. No meu trabalho, eu ajudo meus pacientes a enxergarem um futuro melhor. M\u00e9dico Oftalmologista formado pelo Hospital Banco Leia mais\u2192\" \/>\n<meta property=\"og:url\" content=\"https:\/\/forteclinica.com.br\/site\/sobre\/\" \/>\n<meta property=\"article:modified_time\" content=\"2024-03-26T23:04:49+00:00\" \/>\n<meta property=\"og:image\" content=\"https:\/\/forteclinica.com.br\/site\/wp-content\/uploads\/dr-fausto-stangler.jpg\" \/>\n\t<meta property=\"og:image:width\" content=\"500\" \/>\n\t<meta property=\"og:image:height\" content=\"500\" \/>\n\t<meta property=\"og:image:type\" content=\"image\/jpeg\" \/>\n<meta name=\"twitter:card\" content=\"summary_large_image\" \/>\n<meta name=\"twitter:label1\" content=\"Est. tempo de leitura\" \/>\n\t<meta name=\"twitter:data1\" content=\"3 minutos\" \/>\n<script type=\"application\/ld+json\" class=\"yoast-schema-graph\">{\"@context\":\"https:\\\/\\\/schema.org\",\"@graph\":[{\"@type\":\"WebPage\",\"@id\":\"https:\\\/\\\/forteclinica.com.br\\\/site\\\/sobre\\\/\",\"url\":\"https:\\\/\\\/forteclinica.com.br\\\/site\\\/sobre\\\/\",\"name\":\"Dr. Fausto Stangler -\",\"isPartOf\":{\"@id\":\"https:\\\/\\\/forteclinica.com.br\\\/site\\\/#website\"},\"primaryImageOfPage\":{\"@id\":\"https:\\\/\\\/forteclinica.com.br\\\/site\\\/sobre\\\/#primaryimage\"},\"image\":{\"@id\":\"https:\\\/\\\/forteclinica.com.br\\\/site\\\/sobre\\\/#primaryimage\"},\"thumbnailUrl\":\"https:\\\/\\\/forteclinica.com.br\\\/site\\\/wp-content\\\/uploads\\\/dr-fausto-stangler.jpg\",\"datePublished\":\"2020-10-25T10:15:19+00:00\",\"dateModified\":\"2024-03-26T23:04:49+00:00\",\"breadcrumb\":{\"@id\":\"https:\\\/\\\/forteclinica.com.br\\\/site\\\/sobre\\\/#breadcrumb\"},\"inLanguage\":\"pt-BR\",\"potentialAction\":[{\"@type\":\"ReadAction\",\"target\":[\"https:\\\/\\\/forteclinica.com.br\\\/site\\\/sobre\\\/\"]}]},{\"@type\":\"ImageObject\",\"inLanguage\":\"pt-BR\",\"@id\":\"https:\\\/\\\/forteclinica.com.br\\\/site\\\/sobre\\\/#primaryimage\",\"url\":\"https:\\\/\\\/forteclinica.com.br\\\/site\\\/wp-content\\\/uploads\\\/dr-fausto-stangler.jpg\",\"contentUrl\":\"https:\\\/\\\/forteclinica.com.br\\\/site\\\/wp-content\\\/uploads\\\/dr-fausto-stangler.jpg\",\"width\":500,\"height\":500,\"caption\":\"Dr. Fausto Stangler\"},{\"@type\":\"BreadcrumbList\",\"@id\":\"https:\\\/\\\/forteclinica.com.br\\\/site\\\/sobre\\\/#breadcrumb\",\"itemListElement\":[{\"@type\":\"ListItem\",\"position\":1,\"name\":\"In\u00edcio\",\"item\":\"https:\\\/\\\/forteclinica.com.br\\\/site\\\/\"},{\"@type\":\"ListItem\",\"position\":2,\"name\":\"Dr. Fausto Stangler\"}]},{\"@type\":\"WebSite\",\"@id\":\"https:\\\/\\\/forteclinica.com.br\\\/site\\\/#website\",\"url\":\"https:\\\/\\\/forteclinica.com.br\\\/site\\\/\",\"name\":\"51 98341-2244 - Dr. Fausto Stangler Oftalmologista Pedi\u00e1trico e Adulto\",\"description\":\"\",\"publisher\":{\"@id\":\"https:\\\/\\\/forteclinica.com.br\\\/site\\\/#organization\"},\"potentialAction\":[{\"@type\":\"SearchAction\",\"target\":{\"@type\":\"EntryPoint\",\"urlTemplate\":\"https:\\\/\\\/forteclinica.com.br\\\/site\\\/?s={search_term_string}\"},\"query-input\":{\"@type\":\"PropertyValueSpecification\",\"valueRequired\":true,\"valueName\":\"search_term_string\"}}],\"inLanguage\":\"pt-BR\"},{\"@type\":\"Organization\",\"@id\":\"https:\\\/\\\/forteclinica.com.br\\\/site\\\/#organization\",\"name\":\"51 98341-2244 Dr. Fausto Stangler Oftalmologista Pedi\u00e1trico e Adulto\",\"url\":\"https:\\\/\\\/forteclinica.com.br\\\/site\\\/\",\"logo\":{\"@type\":\"ImageObject\",\"inLanguage\":\"pt-BR\",\"@id\":\"https:\\\/\\\/forteclinica.com.br\\\/site\\\/#\\\/schema\\\/logo\\\/image\\\/\",\"url\":\"https:\\\/\\\/forteclinica.com.br\\\/site\\\/wp-content\\\/uploads\\\/2020\\\/10\\\/f-1.jpg\",\"contentUrl\":\"https:\\\/\\\/forteclinica.com.br\\\/site\\\/wp-content\\\/uploads\\\/2020\\\/10\\\/f-1.jpg\",\"width\":988,\"height\":1365,\"caption\":\"51 98341-2244 Dr. Fausto Stangler Oftalmologista Pedi\u00e1trico e Adulto\"},\"image\":{\"@id\":\"https:\\\/\\\/forteclinica.com.br\\\/site\\\/#\\\/schema\\\/logo\\\/image\\\/\"}}]}<\/script>\n<!-- \/ Yoast SEO plugin. -->","yoast_head_json":{"title":"Dr. Fausto Stangler -","robots":{"index":"index","follow":"follow","max-snippet":"max-snippet:-1","max-image-preview":"max-image-preview:large","max-video-preview":"max-video-preview:-1"},"canonical":"https:\/\/forteclinica.com.br\/site\/sobre\/","og_locale":"pt_BR","og_type":"article","og_title":"Dr. Fausto Stangler -","og_description":"Eu sou o Oftalmologista Dr. Fausto Stangler, e aqui voc\u00ea poder\u00e1 me conhecer melhor. Eu acredito que \u00e9 miss\u00e3o dos m\u00e9dicos ajudar a melhorar a vida e a vis\u00e3o das pessoas n\u00e3o s\u00f3 com todos os conhecimentos e habilidades t\u00e9cnicas adquiridos com esfor\u00e7o ao longo da carreira, mas principalmente com a aten\u00e7\u00e3o e a dedica\u00e7\u00e3o t\u00e3o grande ou maior que o problema enfrentado pelos nossos pr\u00f3prios pacientes. No meu trabalho, eu ajudo meus pacientes a enxergarem um futuro melhor. M\u00e9dico Oftalmologista formado pelo Hospital Banco Leia mais\u2192","og_url":"https:\/\/forteclinica.com.br\/site\/sobre\/","article_modified_time":"2024-03-26T23:04:49+00:00","og_image":[{"width":500,"height":500,"url":"https:\/\/forteclinica.com.br\/site\/wp-content\/uploads\/dr-fausto-stangler.jpg","type":"image\/jpeg"}],"twitter_card":"summary_large_image","twitter_misc":{"Est. tempo de leitura":"3 minutos"},"schema":{"@context":"https:\/\/schema.org","@graph":[{"@type":"WebPage","@id":"https:\/\/forteclinica.com.br\/site\/sobre\/","url":"https:\/\/forteclinica.com.br\/site\/sobre\/","name":"Dr. Fausto Stangler -","isPartOf":{"@id":"https:\/\/forteclinica.com.br\/site\/#website"},"primaryImageOfPage":{"@id":"https:\/\/forteclinica.com.br\/site\/sobre\/#primaryimage"},"image":{"@id":"https:\/\/forteclinica.com.br\/site\/sobre\/#primaryimage"},"thumbnailUrl":"https:\/\/forteclinica.com.br\/site\/wp-content\/uploads\/dr-fausto-stangler.jpg","datePublished":"2020-10-25T10:15:19+00:00","dateModified":"2024-03-26T23:04:49+00:00","breadcrumb":{"@id":"https:\/\/forteclinica.com.br\/site\/sobre\/#breadcrumb"},"inLanguage":"pt-BR","potentialAction":[{"@type":"ReadAction","target":["https:\/\/forteclinica.com.br\/site\/sobre\/"]}]},{"@type":"ImageObject","inLanguage":"pt-BR","@id":"https:\/\/forteclinica.com.br\/site\/sobre\/#primaryimage","url":"https:\/\/forteclinica.com.br\/site\/wp-content\/uploads\/dr-fausto-stangler.jpg","contentUrl":"https:\/\/forteclinica.com.br\/site\/wp-content\/uploads\/dr-fausto-stangler.jpg","width":500,"height":500,"caption":"Dr. Fausto Stangler"},{"@type":"BreadcrumbList","@id":"https:\/\/forteclinica.com.br\/site\/sobre\/#breadcrumb","itemListElement":[{"@type":"ListItem","position":1,"name":"In\u00edcio","item":"https:\/\/forteclinica.com.br\/site\/"},{"@type":"ListItem","position":2,"name":"Dr. Fausto Stangler"}]},{"@type":"WebSite","@id":"https:\/\/forteclinica.com.br\/site\/#website","url":"https:\/\/forteclinica.com.br\/site\/","name":"51 98341-2244 - Dr. Fausto Stangler Oftalmologista Pedi\u00e1trico e Adulto","description":"","publisher":{"@id":"https:\/\/forteclinica.com.br\/site\/#organization"},"potentialAction":[{"@type":"SearchAction","target":{"@type":"EntryPoint","urlTemplate":"https:\/\/forteclinica.com.br\/site\/?s={search_term_string}"},"query-input":{"@type":"PropertyValueSpecification","valueRequired":true,"valueName":"search_term_string"}}],"inLanguage":"pt-BR"},{"@type":"Organization","@id":"https:\/\/forteclinica.com.br\/site\/#organization","name":"51 98341-2244 Dr. Fausto Stangler Oftalmologista Pedi\u00e1trico e Adulto","url":"https:\/\/forteclinica.com.br\/site\/","logo":{"@type":"ImageObject","inLanguage":"pt-BR","@id":"https:\/\/forteclinica.com.br\/site\/#\/schema\/logo\/image\/","url":"https:\/\/forteclinica.com.br\/site\/wp-content\/uploads\/2020\/10\/f-1.jpg","contentUrl":"https:\/\/forteclinica.com.br\/site\/wp-content\/uploads\/2020\/10\/f-1.jpg","width":988,"height":1365,"caption":"51 98341-2244 Dr. Fausto Stangler Oftalmologista Pedi\u00e1trico e Adulto"},"image":{"@id":"https:\/\/forteclinica.com.br\/site\/#\/schema\/logo\/image\/"}}]}},"_links":{"self":[{"href":"https:\/\/forteclinica.com.br\/site\/wp-json\/wp\/v2\/pages\/50","targetHints":{"allow":["GET"]}}],"collection":[{"href":"https:\/\/forteclinica.com.br\/site\/wp-json\/wp\/v2\/pages"}],"about":[{"href":"https:\/\/forteclinica.com.br\/site\/wp-json\/wp\/v2\/types\/page"}],"author":[{"embeddable":true,"href":"https:\/\/forteclinica.com.br\/site\/wp-json\/wp\/v2\/users\/1"}],"replies":[{"embeddable":true,"href":"https:\/\/forteclinica.com.br\/site\/wp-json\/wp\/v2\/comments?post=50"}],"version-history":[{"count":37,"href":"https:\/\/forteclinica.com.br\/site\/wp-json\/wp\/v2\/pages\/50\/revisions"}],"predecessor-version":[{"id":1036,"href":"https:\/\/forteclinica.com.br\/site\/wp-json\/wp\/v2\/pages\/50\/revisions\/1036"}],"wp:featuredmedia":[{"embeddable":true,"href":"https:\/\/forteclinica.com.br\/site\/wp-json\/wp\/v2\/media\/55"}],"wp:attachment":[{"href":"https:\/\/forteclinica.com.br\/site\/wp-json\/wp\/v2\/media?parent=50"}],"curies":[{"name":"wp","href":"https:\/\/api.w.org\/{rel}","templated":true}]}}